{"id":121,"date":"2024-02-17T21:30:01","date_gmt":"2024-02-17T20:30:01","guid":{"rendered":"https:\/\/aelle-arts.fr\/?page_id=121"},"modified":"2026-01-09T19:28:31","modified_gmt":"2026-01-09T18:28:31","slug":"entreprises","status":"publish","type":"page","link":"https:\/\/aelle-arts.fr\/index.php\/entreprises\/","title":{"rendered":"Entreprises"},"content":{"rendered":"\n<h2 class=\"wp-block-heading\">L&rsquo;art dans vos locaux ?<\/h2>\n\n\n\n<p>Au-del\u00e0 du simple fait \u00ab\u00a0d&rsquo;habiller un mur\u00a0\u00bb, une cr\u00e9ation a un impact r\u00e9el sur l&rsquo;espace o\u00f9 elle se trouve. En entreprise, dans vos locaux une \u0153uvre d&rsquo;art peut \u00eatre bien plus qu&rsquo;une simple d\u00e9coration.<\/p>\n\n\n\n<p>Les Yantras et autres motifs de g\u00e9om\u00e9trie sacr\u00e9e comme les Mandalas ont notamment comme b\u00e9n\u00e9fices d&rsquo;apaiser l&rsquo;esprit, de ramener le spectateur \u00e0 lui-m\u00eame, de l&rsquo;aider \u00e0 la concentration. Ils permettent \u00e9galement de faire circuler les \u00e9nergies : la pi\u00e8ce semble plus lumineuse, plus claire&#8230; Difficile de retranscrire en mots ce que nos sens subtils per\u00e7oivent, l&rsquo;expression \u00ab\u00a0on respire mieux\u00a0\u00bb serait peut-\u00eatre une fa\u00e7on simple de le dire.<\/p>\n\n\n\n<p>Les \u0153uvres peuvent \u00eatre mobiles (ch\u00e2ssis sur toiles mais aussi b\u00e2ches pour les plus grands formats) ou fixes. Elles peuvent \u00e9galement \u00eatre permanentes  en \u00e9tant peintes directement sur les murs, portes et cloisons.<\/p>\n\n\n\n<p>Il est possible <a data-type=\"link\" data-id=\"https:\/\/aelle-arts.fr\/index.php\/galerie-tableaux\/location\/\" href=\"https:\/\/aelle-arts.fr\/index.php\/galerie-tableaux\/location\/\">de louer<\/a> ou d&rsquo;acheter une \u0153uvre existante comme d&rsquo;en commander une (ou plusieurs) sur-mesure.<br>La location permet une rotation des tableaux et dessins, vous permettant de prendre le temps de vivre avec chacune des cr\u00e9ations. Vous pouvez ainsi tester in situ et choisir la cr\u00e9ation qui vous convient le mieux. Ou d\u00e9cider d&rsquo;en commander une qui soit enti\u00e8rement personnalis\u00e9e.<br>Un achat est lui d\u00e9finitif. Il peut donner lieu \u00e0 des fractionnements, appel\u00e9s \u00ab\u00a0loyers\u00a0\u00bb gr\u00e2ce \u00e0 la LOA (location avec option d&rsquo;achat).<br>Ces deux modalit\u00e9s permettent de g\u00e9rer vos investissements selon des modalit\u00e9s permettant une optimisation fiscale.<\/p>\n\n\n\n<p><\/p>\n\n\n\n<h2 class=\"wp-block-heading\">Quels avantages ?<\/h2>\n\n\n\n<p>Professionnels : vous \u00eates une Soci\u00e9t\u00e9, une entreprise ou en profession lib\u00e9rale ?<br>Vous avez droit \u00e0 diff\u00e9rentes formules pour louer (leasing) ou acqu\u00e9rir une \u0153uvre d&rsquo;art en b\u00e9n\u00e9ficiant d&rsquo;un all\u00e9gement d&rsquo;imp\u00f4ts.<\/p>\n\n\n\n<p>Je confie ces tractations \u00e0 mon agent <a href=\"http:\/\/bam-gallery.com\/fiscalite-du-marche-de-lart-defiscalisation-investissements-avantages-fiscaux\/\" target=\"_blank\" rel=\"noreferrer noopener\">BAM Gallery<\/a>. N&rsquo;h\u00e9sitez pas \u00e0 prendre contact directement avec Monsieur Moli\u00e8res pour conna\u00eetre les modalit\u00e9s et signer un contrat : il se charge de toutes les formalit\u00e9s en vous guidant pas \u00e0 pas, et jusqu&rsquo;\u00e0 la livraison de l\u2019\u0153uvre sur place.<\/p>\n\n\n\n<figure class=\"wp-block-image size-large\"><img data-recalc-dims=\"1\" loading=\"lazy\" decoding=\"async\" width=\"1024\" height=\"692\" data-attachment-id=\"284\" data-permalink=\"https:\/\/aelle-arts.fr\/index.php\/galerie-tableaux\/oeuvres-disponibles-a-la-vente\/gracefultwintaras-2\/\" data-orig-file=\"https:\/\/i0.wp.com\/aelle-arts.fr\/wp-content\/uploads\/2024\/04\/GracefulTwinTaras-1-scaled-scaled.jpg?fit=2560%2C1731&amp;ssl=1&amp;ver=1712768896\" data-orig-size=\"2560,1731\" data-comments-opened=\"0\" data-image-meta=\"{&quot;aperture&quot;:&quot;2.2&quot;,&quot;credit&quot;:&quot;&quot;,&quot;camera&quot;:&quot;iPhone 12 Pro Max&quot;,&quot;caption&quot;:&quot;&quot;,&quot;created_timestamp&quot;:&quot;1706904614&quot;,&quot;copyright&quot;:&quot;&quot;,&quot;focal_length&quot;:&quot;7.5&quot;,&quot;iso&quot;:&quot;64&quot;,&quot;shutter_speed&quot;:&quot;0.01&quot;,&quot;title&quot;:&quot;&quot;,&quot;orientation&quot;:&quot;1&quot;}\" data-image-title=\"Graceful Twin Taras\" data-image-description=\"&lt;p&gt;\u00ab\u00a0Graceful Twin Taras\u00a0\u00bb par A\u00eblle &amp;#8211; Acrylique et broy\u00e2t de pierres semi-pr\u00e9cieuses dans la premi\u00e8re couche de vernis &amp;#8211; 60cm x 40cm&lt;\/p&gt;\n\" data-image-caption=\"&lt;p&gt;Graceful Twin Taras &amp;#8211; 60cm x 40cm&lt;\/p&gt;\n\" data-large-file=\"https:\/\/i0.wp.com\/aelle-arts.fr\/wp-content\/uploads\/2024\/04\/GracefulTwinTaras-1-scaled-scaled.jpg?fit=1024%2C692&amp;ssl=1&amp;ver=1712768896\" src=\"https:\/\/i0.wp.com\/aelle-arts.fr\/wp-content\/uploads\/2024\/04\/GracefulTwinTaras-1-scaled.jpg?resize=1024%2C692&#038;ssl=1\" alt=\"\" class=\"wp-image-284\" srcset=\"https:\/\/i0.wp.com\/aelle-arts.fr\/wp-content\/uploads\/2024\/04\/GracefulTwinTaras-1-scaled-scaled.jpg?resize=1024%2C692&amp;ssl=1 1024w, https:\/\/i0.wp.com\/aelle-arts.fr\/wp-content\/uploads\/2024\/04\/GracefulTwinTaras-1-scaled-scaled.jpg?resize=300%2C203&amp;ssl=1 300w, https:\/\/i0.wp.com\/aelle-arts.fr\/wp-content\/uploads\/2024\/04\/GracefulTwinTaras-1-scaled-scaled.jpg?resize=768%2C519&amp;ssl=1 768w, https:\/\/i0.wp.com\/aelle-arts.fr\/wp-content\/uploads\/2024\/04\/GracefulTwinTaras-1-scaled-scaled.jpg?resize=1536%2C1039&amp;ssl=1 1536w, https:\/\/i0.wp.com\/aelle-arts.fr\/wp-content\/uploads\/2024\/04\/GracefulTwinTaras-1-scaled-scaled.jpg?resize=2048%2C1385&amp;ssl=1 2048w\" sizes=\"auto, (max-width: 1000px) 100vw, 1000px\" \/><figcaption class=\"wp-element-caption\">Graceful Twin Taras &#8211; 60cm x 40cm<\/figcaption><\/figure>\n","protected":false},"excerpt":{"rendered":"<p>L&rsquo;art dans vos locaux ? Au-del\u00e0 du simple fait \u00ab\u00a0d&rsquo;habiller un mur\u00a0\u00bb, une cr\u00e9ation a un impact r\u00e9el sur l&rsquo;espace o\u00f9 elle se trouve. En entreprise, dans vos locaux une [&hellip;]<\/p>\n","protected":false},"author":1,"featured_media":0,"parent":0,"menu_order":0,"comment_status":"closed","ping_status":"closed","template":"","meta":{"_EventAllDay":false,"_EventTimezone":"","_EventStartDate":"","_EventEndDate":"","_EventStartDateUTC":"","_EventEndDateUTC":"","_EventShowMap":false,"_EventShowMapLink":false,"_EventURL":"","_EventCost":"","_EventCostDescription":"","_EventCurrencySymbol":"","_EventCurrencyCode":"","_EventCurrencyPosition":"","_EventDateTimeSeparator":"","_EventTimeRangeSeparator":"","_EventOrganizerID":[],"_EventVenueID":[],"_OrganizerEmail":"","_OrganizerPhone":"","_OrganizerWebsite":"","_VenueAddress":"","_VenueCity":"","_VenueCountry":"","_VenueProvince":"","_VenueState":"","_VenueZip":"","_VenuePhone":"","_VenueURL":"","_VenueStateProvince":"","_VenueLat":"","_VenueLng":"","_VenueShowMap":false,"_VenueShowMapLink":false,"footnotes":""},"folder":[],"class_list":["post-121","page","type-page","status-publish","hentry"],"yoast_head":"<!-- This site is optimized with the Yoast SEO plugin v27.5 - https:\/\/yoast.com\/product\/yoast-seo-wordpress\/ -->\n<title>Entreprises - A\u00eblle Arts<\/title>\n<meta name=\"description\" content=\"Entreprise : louez ou achetez des \u0153uvres d&#039;arts et all\u00e9gez vos imp\u00f4ts tout en soutenant la cr\u00e9ation contemporaine.\" \/>\n<meta name=\"robots\" content=\"index, follow, max-snippet:-1, max-image-preview:large, max-video-preview:-1\" \/>\n<link rel=\"canonical\" href=\"https:\/\/aelle-arts.fr\/index.php\/entreprises\/\" \/>\n<meta property=\"og:locale\" content=\"fr_FR\" \/>\n<meta property=\"og:type\" content=\"article\" \/>\n<meta property=\"og:title\" content=\"Entreprises - A\u00eblle Arts\" \/>\n<meta property=\"og:description\" content=\"Entreprise : louez ou achetez des \u0153uvres d&#039;arts et all\u00e9gez vos imp\u00f4ts tout en soutenant la cr\u00e9ation contemporaine.\" \/>\n<meta property=\"og:url\" content=\"https:\/\/aelle-arts.fr\/index.php\/entreprises\/\" \/>\n<meta property=\"og:site_name\" content=\"A\u00eblle Arts\" \/>\n<meta property=\"article:publisher\" content=\"https:\/\/www.facebook.com\/aelle.arts\/\" \/>\n<meta property=\"article:modified_time\" content=\"2026-01-09T18:28:31+00:00\" \/>\n<meta property=\"og:image\" content=\"http:\/\/aelle-arts.fr\/wp-content\/uploads\/2024\/04\/GracefulTwinTaras-1-scaled-1024x692.jpg\" \/>\n<meta name=\"twitter:label1\" content=\"Dur\u00e9e de lecture estim\u00e9e\" \/>\n\t<meta name=\"twitter:data1\" content=\"2 minutes\" \/>\n<script type=\"application\/ld+json\" class=\"yoast-schema-graph\">{\"@context\":\"https:\\\/\\\/schema.org\",\"@graph\":[{\"@type\":\"WebPage\",\"@id\":\"https:\\\/\\\/aelle-arts.fr\\\/index.php\\\/entreprises\\\/\",\"url\":\"https:\\\/\\\/aelle-arts.fr\\\/index.php\\\/entreprises\\\/\",\"name\":\"Entreprises - A\u00eblle Arts\",\"isPartOf\":{\"@id\":\"https:\\\/\\\/aelle-arts.fr\\\/#website\"},\"primaryImageOfPage\":{\"@id\":\"https:\\\/\\\/aelle-arts.fr\\\/index.php\\\/entreprises\\\/#primaryimage\"},\"image\":{\"@id\":\"https:\\\/\\\/aelle-arts.fr\\\/index.php\\\/entreprises\\\/#primaryimage\"},\"thumbnailUrl\":\"http:\\\/\\\/aelle-arts.fr\\\/wp-content\\\/uploads\\\/2024\\\/04\\\/GracefulTwinTaras-1-scaled-1024x692.jpg\",\"datePublished\":\"2024-02-17T20:30:01+00:00\",\"dateModified\":\"2026-01-09T18:28:31+00:00\",\"description\":\"Entreprise : louez ou achetez des \u0153uvres d'arts et all\u00e9gez vos imp\u00f4ts tout en soutenant la cr\u00e9ation contemporaine.\",\"breadcrumb\":{\"@id\":\"https:\\\/\\\/aelle-arts.fr\\\/index.php\\\/entreprises\\\/#breadcrumb\"},\"inLanguage\":\"fr-FR\",\"potentialAction\":[{\"@type\":\"ReadAction\",\"target\":[\"https:\\\/\\\/aelle-arts.fr\\\/index.php\\\/entreprises\\\/\"]}]},{\"@type\":\"ImageObject\",\"inLanguage\":\"fr-FR\",\"@id\":\"https:\\\/\\\/aelle-arts.fr\\\/index.php\\\/entreprises\\\/#primaryimage\",\"url\":\"http:\\\/\\\/aelle-arts.fr\\\/wp-content\\\/uploads\\\/2024\\\/04\\\/GracefulTwinTaras-1-scaled-1024x692.jpg\",\"contentUrl\":\"http:\\\/\\\/aelle-arts.fr\\\/wp-content\\\/uploads\\\/2024\\\/04\\\/GracefulTwinTaras-1-scaled-1024x692.jpg\"},{\"@type\":\"BreadcrumbList\",\"@id\":\"https:\\\/\\\/aelle-arts.fr\\\/index.php\\\/entreprises\\\/#breadcrumb\",\"itemListElement\":[{\"@type\":\"ListItem\",\"position\":1,\"name\":\"Accueil\",\"item\":\"https:\\\/\\\/aelle-arts.fr\\\/\"},{\"@type\":\"ListItem\",\"position\":2,\"name\":\"Entreprises\"}]},{\"@type\":\"WebSite\",\"@id\":\"https:\\\/\\\/aelle-arts.fr\\\/#website\",\"url\":\"https:\\\/\\\/aelle-arts.fr\\\/\",\"name\":\"A\u00eblle Arts\",\"description\":\"G\u00e9om\u00e9trie sacr\u00e9e, Yantras &amp; Illustrations\",\"publisher\":{\"@id\":\"https:\\\/\\\/aelle-arts.fr\\\/#organization\"},\"potentialAction\":[{\"@type\":\"SearchAction\",\"target\":{\"@type\":\"EntryPoint\",\"urlTemplate\":\"https:\\\/\\\/aelle-arts.fr\\\/?s={search_term_string}\"},\"query-input\":{\"@type\":\"PropertyValueSpecification\",\"valueRequired\":true,\"valueName\":\"search_term_string\"}}],\"inLanguage\":\"fr-FR\"},{\"@type\":\"Organization\",\"@id\":\"https:\\\/\\\/aelle-arts.fr\\\/#organization\",\"name\":\"A\u00eblle Arts\",\"url\":\"https:\\\/\\\/aelle-arts.fr\\\/\",\"logo\":{\"@type\":\"ImageObject\",\"inLanguage\":\"fr-FR\",\"@id\":\"https:\\\/\\\/aelle-arts.fr\\\/#\\\/schema\\\/logo\\\/image\\\/\",\"url\":\"https:\\\/\\\/i0.wp.com\\\/aelle-arts.fr\\\/wp-content\\\/uploads\\\/2024\\\/02\\\/Logo-Aelle-rond-scaled.png?fit=2560%2C2560&ssl=1\",\"contentUrl\":\"https:\\\/\\\/i0.wp.com\\\/aelle-arts.fr\\\/wp-content\\\/uploads\\\/2024\\\/02\\\/Logo-Aelle-rond-scaled.png?fit=2560%2C2560&ssl=1\",\"width\":2560,\"height\":2560,\"caption\":\"A\u00eblle Arts\"},\"image\":{\"@id\":\"https:\\\/\\\/aelle-arts.fr\\\/#\\\/schema\\\/logo\\\/image\\\/\"},\"sameAs\":[\"https:\\\/\\\/www.facebook.com\\\/aelle.arts\\\/\",\"https:\\\/\\\/www.instagram.com\\\/aelle_arts\\\/\"]}]}<\/script>\n<!-- \/ Yoast SEO plugin. -->","yoast_head_json":{"title":"Entreprises - A\u00eblle Arts","description":"Entreprise : louez ou achetez des \u0153uvres d'arts et all\u00e9gez vos imp\u00f4ts tout en soutenant la cr\u00e9ation contemporaine.","robots":{"index":"index","follow":"follow","max-snippet":"max-snippet:-1","max-image-preview":"max-image-preview:large","max-video-preview":"max-video-preview:-1"},"canonical":"https:\/\/aelle-arts.fr\/index.php\/entreprises\/","og_locale":"fr_FR","og_type":"article","og_title":"Entreprises - A\u00eblle Arts","og_description":"Entreprise : louez ou achetez des \u0153uvres d'arts et all\u00e9gez vos imp\u00f4ts tout en soutenant la cr\u00e9ation contemporaine.","og_url":"https:\/\/aelle-arts.fr\/index.php\/entreprises\/","og_site_name":"A\u00eblle Arts","article_publisher":"https:\/\/www.facebook.com\/aelle.arts\/","article_modified_time":"2026-01-09T18:28:31+00:00","og_image":[{"url":"http:\/\/aelle-arts.fr\/wp-content\/uploads\/2024\/04\/GracefulTwinTaras-1-scaled-1024x692.jpg","type":"","width":"","height":""}],"twitter_misc":{"Dur\u00e9e de lecture estim\u00e9e":"2 minutes"},"schema":{"@context":"https:\/\/schema.org","@graph":[{"@type":"WebPage","@id":"https:\/\/aelle-arts.fr\/index.php\/entreprises\/","url":"https:\/\/aelle-arts.fr\/index.php\/entreprises\/","name":"Entreprises - A\u00eblle Arts","isPartOf":{"@id":"https:\/\/aelle-arts.fr\/#website"},"primaryImageOfPage":{"@id":"https:\/\/aelle-arts.fr\/index.php\/entreprises\/#primaryimage"},"image":{"@id":"https:\/\/aelle-arts.fr\/index.php\/entreprises\/#primaryimage"},"thumbnailUrl":"http:\/\/aelle-arts.fr\/wp-content\/uploads\/2024\/04\/GracefulTwinTaras-1-scaled-1024x692.jpg","datePublished":"2024-02-17T20:30:01+00:00","dateModified":"2026-01-09T18:28:31+00:00","description":"Entreprise : louez ou achetez des \u0153uvres d'arts et all\u00e9gez vos imp\u00f4ts tout en soutenant la cr\u00e9ation contemporaine.","breadcrumb":{"@id":"https:\/\/aelle-arts.fr\/index.php\/entreprises\/#breadcrumb"},"inLanguage":"fr-FR","potentialAction":[{"@type":"ReadAction","target":["https:\/\/aelle-arts.fr\/index.php\/entreprises\/"]}]},{"@type":"ImageObject","inLanguage":"fr-FR","@id":"https:\/\/aelle-arts.fr\/index.php\/entreprises\/#primaryimage","url":"http:\/\/aelle-arts.fr\/wp-content\/uploads\/2024\/04\/GracefulTwinTaras-1-scaled-1024x692.jpg","contentUrl":"http:\/\/aelle-arts.fr\/wp-content\/uploads\/2024\/04\/GracefulTwinTaras-1-scaled-1024x692.jpg"},{"@type":"BreadcrumbList","@id":"https:\/\/aelle-arts.fr\/index.php\/entreprises\/#breadcrumb","itemListElement":[{"@type":"ListItem","position":1,"name":"Accueil","item":"https:\/\/aelle-arts.fr\/"},{"@type":"ListItem","position":2,"name":"Entreprises"}]},{"@type":"WebSite","@id":"https:\/\/aelle-arts.fr\/#website","url":"https:\/\/aelle-arts.fr\/","name":"A\u00eblle Arts","description":"G\u00e9om\u00e9trie sacr\u00e9e, Yantras &amp; Illustrations","publisher":{"@id":"https:\/\/aelle-arts.fr\/#organization"},"potentialAction":[{"@type":"SearchAction","target":{"@type":"EntryPoint","urlTemplate":"https:\/\/aelle-arts.fr\/?s={search_term_string}"},"query-input":{"@type":"PropertyValueSpecification","valueRequired":true,"valueName":"search_term_string"}}],"inLanguage":"fr-FR"},{"@type":"Organization","@id":"https:\/\/aelle-arts.fr\/#organization","name":"A\u00eblle Arts","url":"https:\/\/aelle-arts.fr\/","logo":{"@type":"ImageObject","inLanguage":"fr-FR","@id":"https:\/\/aelle-arts.fr\/#\/schema\/logo\/image\/","url":"https:\/\/i0.wp.com\/aelle-arts.fr\/wp-content\/uploads\/2024\/02\/Logo-Aelle-rond-scaled.png?fit=2560%2C2560&ssl=1","contentUrl":"https:\/\/i0.wp.com\/aelle-arts.fr\/wp-content\/uploads\/2024\/02\/Logo-Aelle-rond-scaled.png?fit=2560%2C2560&ssl=1","width":2560,"height":2560,"caption":"A\u00eblle Arts"},"image":{"@id":"https:\/\/aelle-arts.fr\/#\/schema\/logo\/image\/"},"sameAs":["https:\/\/www.facebook.com\/aelle.arts\/","https:\/\/www.instagram.com\/aelle_arts\/"]}]}},"jetpack_shortlink":"https:\/\/wp.me\/PfxdgV-1X","jetpack_sharing_enabled":true,"_links":{"self":[{"href":"https:\/\/aelle-arts.fr\/index.php\/wp-json\/wp\/v2\/pages\/121","targetHints":{"allow":["GET"]}}],"collection":[{"href":"https:\/\/aelle-arts.fr\/index.php\/wp-json\/wp\/v2\/pages"}],"about":[{"href":"https:\/\/aelle-arts.fr\/index.php\/wp-json\/wp\/v2\/types\/page"}],"author":[{"embeddable":true,"href":"https:\/\/aelle-arts.fr\/index.php\/wp-json\/wp\/v2\/users\/1"}],"replies":[{"embeddable":true,"href":"https:\/\/aelle-arts.fr\/index.php\/wp-json\/wp\/v2\/comments?post=121"}],"version-history":[{"count":11,"href":"https:\/\/aelle-arts.fr\/index.php\/wp-json\/wp\/v2\/pages\/121\/revisions"}],"predecessor-version":[{"id":1006,"href":"https:\/\/aelle-arts.fr\/index.php\/wp-json\/wp\/v2\/pages\/121\/revisions\/1006"}],"wp:attachment":[{"href":"https:\/\/aelle-arts.fr\/index.php\/wp-json\/wp\/v2\/media?parent=121"}],"wp:term":[{"taxonomy":"folder","embeddable":true,"href":"https:\/\/aelle-arts.fr\/index.php\/wp-json\/wp\/v2\/folder?post=121"}],"curies":[{"name":"wp","href":"https:\/\/api.w.org\/{rel}","templated":true}]}}