{"id":130,"date":"2024-02-17T22:28:23","date_gmt":"2024-02-17T21:28:23","guid":{"rendered":"https:\/\/aelle-arts.fr\/?page_id=130"},"modified":"2024-02-17T22:33:48","modified_gmt":"2024-02-17T21:33:48","slug":"actualites","status":"publish","type":"page","link":"https:\/\/aelle-arts.fr\/index.php\/actualites\/","title":{"rendered":"Actualit\u00e9s"},"content":{"rendered":"\n<div class=\"wp-block-query is-layout-flow wp-block-query-is-layout-flow\"><ul class=\"wp-block-post-template is-layout-flow wp-block-post-template-is-layout-flow\"><li class=\"wp-block-post post-1159 post type-post status-publish format-standard hentry category-demarche tag-archetype tag-auto-exploration tag-blog tag-chiron tag-demarche tag-voyage-interieur\">\n<h2 class=\"wp-block-post-title\"><a href=\"https:\/\/aelle-arts.fr\/index.php\/2026\/04\/06\/lartiste-comme-psychopompe-4-rencontrer-chiron-le-passeur-du-styx\/\" target=\"_self\" >L\u2019artiste comme psychopompe\u00a0: 4. Rencontrer Chiron, le Passeur du Styx<\/a><\/h2>\n\n\n\n<div class=\"wp-block-post-excerpt\"><p class=\"wp-block-post-excerpt__excerpt\">Nota bene&nbsp;: cet article est le quatri\u00e8me d\u2019une s\u00e9rie. Lire le pr\u00e9c\u00e9dent&nbsp;: Sommes-nous des (neuro) transmetteurs&nbsp;? L\u2019artiste a ses parts d\u2019ombres et fait parfois le choix d\u2019aller les explorer. Ce [&hellip;] <\/p><\/div>\n\n\n<hr class=\"wp-block-separator has-css-opacity\"\/>\n\n\n<div class=\"wp-block-post-date\"><time datetime=\"2026-04-06T12:21:00+02:00\">6 avril 2026<\/time><\/div>\n<\/li><li class=\"wp-block-post post-1150 post type-post status-publish format-standard hentry category-tableaux tag-dore tag-ganesha tag-tableau tag-toile tag-violet tag-yantra\">\n<h2 class=\"wp-block-post-title\"><a href=\"https:\/\/aelle-arts.fr\/index.php\/2026\/04\/03\/beyond-the-maya\/\" target=\"_self\" >Beyond the Maya<\/a><\/h2>\n\n\n\n<div class=\"wp-block-post-excerpt\"><p class=\"wp-block-post-excerpt__excerpt\">Beyond the Maya est encore une toile avec des premi\u00e8res fois dedans. L&rsquo;une d&rsquo;entre elles est le fond qui a \u00e9t\u00e9 travaill\u00e9 au couteau. Il a ainsi trouv\u00e9 une autonomie, [&hellip;] <\/p><\/div>\n\n\n<hr class=\"wp-block-separator has-css-opacity\"\/>\n\n\n<div class=\"wp-block-post-date\"><time datetime=\"2026-04-03T17:17:00+02:00\">3 avril 2026<\/time><\/div>\n<\/li><li class=\"wp-block-post post-1147 post type-post status-publish format-standard hentry category-demarche tag-demarche tag-femme tag-sororite tag-transmission\">\n<h2 class=\"wp-block-post-title\"><a href=\"https:\/\/aelle-arts.fr\/index.php\/2026\/03\/30\/transmetteur\/\" target=\"_self\" >L\u2019artiste comme psychopompe\u00a0: 3. Sommes-nous des (neuro) transmetteurs\u00a0?<\/a><\/h2>\n\n\n\n<div class=\"wp-block-post-excerpt\"><p class=\"wp-block-post-excerpt__excerpt\">Nota bene\u00a0: cet article est le troisi\u00e8me d\u2019une s\u00e9rie. Lire le pr\u00e9c\u00e9dent\u00a0: Le chercheur de l\u2019intime. Ainsi me voici donc artiste assum\u00e9e, les deux pieds bien au sol, la t\u00eate [&hellip;] <\/p><\/div>\n\n\n<hr class=\"wp-block-separator has-css-opacity\"\/>\n\n\n<div class=\"wp-block-post-date\"><time datetime=\"2026-03-30T11:11:00+02:00\">30 mars 2026<\/time><\/div>\n<\/li><\/ul><\/div>\n","protected":false},"excerpt":{"rendered":"","protected":false},"author":1,"featured_media":0,"parent":0,"menu_order":0,"comment_status":"closed","ping_status":"closed","template":"","meta":{"_EventAllDay":false,"_EventTimezone":"","_EventStartDate":"","_EventEndDate":"","_EventStartDateUTC":"","_EventEndDateUTC":"","_EventShowMap":false,"_EventShowMapLink":false,"_EventURL":"","_EventCost":"","_EventCostDescription":"","_EventCurrencySymbol":"","_EventCurrencyCode":"","_EventCurrencyPosition":"","_EventDateTimeSeparator":"","_EventTimeRangeSeparator":"","_EventOrganizerID":[],"_EventVenueID":[],"_OrganizerEmail":"","_OrganizerPhone":"","_OrganizerWebsite":"","_VenueAddress":"","_VenueCity":"","_VenueCountry":"","_VenueProvince":"","_VenueState":"","_VenueZip":"","_VenuePhone":"","_VenueURL":"","_VenueStateProvince":"","_VenueLat":"","_VenueLng":"","_VenueShowMap":false,"_VenueShowMapLink":false,"footnotes":""},"folder":[],"class_list":["post-130","page","type-page","status-publish","hentry"],"yoast_head":"<!-- This site is optimized with the Yoast SEO plugin v27.3 - https:\/\/yoast.com\/product\/yoast-seo-wordpress\/ -->\n<title>Actualit\u00e9s - A\u00eblle Arts<\/title>\n<meta name=\"robots\" content=\"index, follow, max-snippet:-1, max-image-preview:large, max-video-preview:-1\" \/>\n<link rel=\"canonical\" href=\"https:\/\/aelle-arts.fr\/index.php\/actualites\/\" \/>\n<meta property=\"og:locale\" content=\"fr_FR\" \/>\n<meta property=\"og:type\" content=\"article\" \/>\n<meta property=\"og:title\" content=\"Actualit\u00e9s - A\u00eblle Arts\" \/>\n<meta property=\"og:url\" content=\"https:\/\/aelle-arts.fr\/index.php\/actualites\/\" \/>\n<meta property=\"og:site_name\" content=\"A\u00eblle Arts\" \/>\n<meta property=\"article:publisher\" content=\"https:\/\/www.facebook.com\/aelle.arts\/\" \/>\n<meta property=\"article:modified_time\" content=\"2024-02-17T21:33:48+00:00\" \/>\n<script type=\"application\/ld+json\" class=\"yoast-schema-graph\">{\"@context\":\"https:\\\/\\\/schema.org\",\"@graph\":[{\"@type\":\"WebPage\",\"@id\":\"https:\\\/\\\/aelle-arts.fr\\\/index.php\\\/actualites\\\/\",\"url\":\"https:\\\/\\\/aelle-arts.fr\\\/index.php\\\/actualites\\\/\",\"name\":\"Actualit\u00e9s - A\u00eblle Arts\",\"isPartOf\":{\"@id\":\"https:\\\/\\\/aelle-arts.fr\\\/#website\"},\"datePublished\":\"2024-02-17T21:28:23+00:00\",\"dateModified\":\"2024-02-17T21:33:48+00:00\",\"breadcrumb\":{\"@id\":\"https:\\\/\\\/aelle-arts.fr\\\/index.php\\\/actualites\\\/#breadcrumb\"},\"inLanguage\":\"fr-FR\",\"potentialAction\":[{\"@type\":\"ReadAction\",\"target\":[\"https:\\\/\\\/aelle-arts.fr\\\/index.php\\\/actualites\\\/\"]}]},{\"@type\":\"BreadcrumbList\",\"@id\":\"https:\\\/\\\/aelle-arts.fr\\\/index.php\\\/actualites\\\/#breadcrumb\",\"itemListElement\":[{\"@type\":\"ListItem\",\"position\":1,\"name\":\"Accueil\",\"item\":\"https:\\\/\\\/aelle-arts.fr\\\/\"},{\"@type\":\"ListItem\",\"position\":2,\"name\":\"Actualit\u00e9s\"}]},{\"@type\":\"WebSite\",\"@id\":\"https:\\\/\\\/aelle-arts.fr\\\/#website\",\"url\":\"https:\\\/\\\/aelle-arts.fr\\\/\",\"name\":\"A\u00eblle Arts\",\"description\":\"G\u00e9om\u00e9trie sacr\u00e9e, Yantras &amp; Illustrations\",\"publisher\":{\"@id\":\"https:\\\/\\\/aelle-arts.fr\\\/#organization\"},\"potentialAction\":[{\"@type\":\"SearchAction\",\"target\":{\"@type\":\"EntryPoint\",\"urlTemplate\":\"https:\\\/\\\/aelle-arts.fr\\\/?s={search_term_string}\"},\"query-input\":{\"@type\":\"PropertyValueSpecification\",\"valueRequired\":true,\"valueName\":\"search_term_string\"}}],\"inLanguage\":\"fr-FR\"},{\"@type\":\"Organization\",\"@id\":\"https:\\\/\\\/aelle-arts.fr\\\/#organization\",\"name\":\"A\u00eblle Arts\",\"url\":\"https:\\\/\\\/aelle-arts.fr\\\/\",\"logo\":{\"@type\":\"ImageObject\",\"inLanguage\":\"fr-FR\",\"@id\":\"https:\\\/\\\/aelle-arts.fr\\\/#\\\/schema\\\/logo\\\/image\\\/\",\"url\":\"https:\\\/\\\/i0.wp.com\\\/aelle-arts.fr\\\/wp-content\\\/uploads\\\/2024\\\/02\\\/Logo01.png?fit=1500%2C1543&ssl=1\",\"contentUrl\":\"https:\\\/\\\/i0.wp.com\\\/aelle-arts.fr\\\/wp-content\\\/uploads\\\/2024\\\/02\\\/Logo01.png?fit=1500%2C1543&ssl=1\",\"width\":1500,\"height\":1543,\"caption\":\"A\u00eblle Arts\"},\"image\":{\"@id\":\"https:\\\/\\\/aelle-arts.fr\\\/#\\\/schema\\\/logo\\\/image\\\/\"},\"sameAs\":[\"https:\\\/\\\/www.facebook.com\\\/aelle.arts\\\/\",\"https:\\\/\\\/www.instagram.com\\\/aelle_arts\\\/\"]}]}<\/script>\n<!-- \/ Yoast SEO plugin. -->","yoast_head_json":{"title":"Actualit\u00e9s - A\u00eblle Arts","robots":{"index":"index","follow":"follow","max-snippet":"max-snippet:-1","max-image-preview":"max-image-preview:large","max-video-preview":"max-video-preview:-1"},"canonical":"https:\/\/aelle-arts.fr\/index.php\/actualites\/","og_locale":"fr_FR","og_type":"article","og_title":"Actualit\u00e9s - A\u00eblle Arts","og_url":"https:\/\/aelle-arts.fr\/index.php\/actualites\/","og_site_name":"A\u00eblle Arts","article_publisher":"https:\/\/www.facebook.com\/aelle.arts\/","article_modified_time":"2024-02-17T21:33:48+00:00","schema":{"@context":"https:\/\/schema.org","@graph":[{"@type":"WebPage","@id":"https:\/\/aelle-arts.fr\/index.php\/actualites\/","url":"https:\/\/aelle-arts.fr\/index.php\/actualites\/","name":"Actualit\u00e9s - A\u00eblle Arts","isPartOf":{"@id":"https:\/\/aelle-arts.fr\/#website"},"datePublished":"2024-02-17T21:28:23+00:00","dateModified":"2024-02-17T21:33:48+00:00","breadcrumb":{"@id":"https:\/\/aelle-arts.fr\/index.php\/actualites\/#breadcrumb"},"inLanguage":"fr-FR","potentialAction":[{"@type":"ReadAction","target":["https:\/\/aelle-arts.fr\/index.php\/actualites\/"]}]},{"@type":"BreadcrumbList","@id":"https:\/\/aelle-arts.fr\/index.php\/actualites\/#breadcrumb","itemListElement":[{"@type":"ListItem","position":1,"name":"Accueil","item":"https:\/\/aelle-arts.fr\/"},{"@type":"ListItem","position":2,"name":"Actualit\u00e9s"}]},{"@type":"WebSite","@id":"https:\/\/aelle-arts.fr\/#website","url":"https:\/\/aelle-arts.fr\/","name":"A\u00eblle Arts","description":"G\u00e9om\u00e9trie sacr\u00e9e, Yantras &amp; Illustrations","publisher":{"@id":"https:\/\/aelle-arts.fr\/#organization"},"potentialAction":[{"@type":"SearchAction","target":{"@type":"EntryPoint","urlTemplate":"https:\/\/aelle-arts.fr\/?s={search_term_string}"},"query-input":{"@type":"PropertyValueSpecification","valueRequired":true,"valueName":"search_term_string"}}],"inLanguage":"fr-FR"},{"@type":"Organization","@id":"https:\/\/aelle-arts.fr\/#organization","name":"A\u00eblle Arts","url":"https:\/\/aelle-arts.fr\/","logo":{"@type":"ImageObject","inLanguage":"fr-FR","@id":"https:\/\/aelle-arts.fr\/#\/schema\/logo\/image\/","url":"https:\/\/i0.wp.com\/aelle-arts.fr\/wp-content\/uploads\/2024\/02\/Logo01.png?fit=1500%2C1543&ssl=1","contentUrl":"https:\/\/i0.wp.com\/aelle-arts.fr\/wp-content\/uploads\/2024\/02\/Logo01.png?fit=1500%2C1543&ssl=1","width":1500,"height":1543,"caption":"A\u00eblle Arts"},"image":{"@id":"https:\/\/aelle-arts.fr\/#\/schema\/logo\/image\/"},"sameAs":["https:\/\/www.facebook.com\/aelle.arts\/","https:\/\/www.instagram.com\/aelle_arts\/"]}]}},"jetpack_shortlink":"https:\/\/wp.me\/PfxdgV-26","jetpack_sharing_enabled":true,"_links":{"self":[{"href":"https:\/\/aelle-arts.fr\/index.php\/wp-json\/wp\/v2\/pages\/130","targetHints":{"allow":["GET"]}}],"collection":[{"href":"https:\/\/aelle-arts.fr\/index.php\/wp-json\/wp\/v2\/pages"}],"about":[{"href":"https:\/\/aelle-arts.fr\/index.php\/wp-json\/wp\/v2\/types\/page"}],"author":[{"embeddable":true,"href":"https:\/\/aelle-arts.fr\/index.php\/wp-json\/wp\/v2\/users\/1"}],"replies":[{"embeddable":true,"href":"https:\/\/aelle-arts.fr\/index.php\/wp-json\/wp\/v2\/comments?post=130"}],"version-history":[{"count":2,"href":"https:\/\/aelle-arts.fr\/index.php\/wp-json\/wp\/v2\/pages\/130\/revisions"}],"predecessor-version":[{"id":133,"href":"https:\/\/aelle-arts.fr\/index.php\/wp-json\/wp\/v2\/pages\/130\/revisions\/133"}],"wp:attachment":[{"href":"https:\/\/aelle-arts.fr\/index.php\/wp-json\/wp\/v2\/media?parent=130"}],"wp:term":[{"taxonomy":"folder","embeddable":true,"href":"https:\/\/aelle-arts.fr\/index.php\/wp-json\/wp\/v2\/folder?post=130"}],"curies":[{"name":"wp","href":"https:\/\/api.w.org\/{rel}","templated":true}]}}