{"id":529,"date":"2025-02-25T20:05:49","date_gmt":"2025-02-25T19:05:49","guid":{"rendered":"https:\/\/aelle-arts.fr\/?page_id=529"},"modified":"2025-06-14T18:26:44","modified_gmt":"2025-06-14T16:26:44","slug":"illustrations","status":"publish","type":"page","link":"https:\/\/aelle-arts.fr\/index.php\/illustrations\/","title":{"rendered":"Illustrations"},"content":{"rendered":"\n<h2 class=\"wp-block-heading\">Noir &amp; Blanc<\/h2>\n\n\n\n<div class=\"wp-block-media-text is-stacked-on-mobile\" style=\"grid-template-columns:30% auto\"><figure class=\"wp-block-media-text__media\"><img data-recalc-dims=\"1\" loading=\"lazy\" decoding=\"async\" width=\"753\" height=\"1024\" data-attachment-id=\"530\" data-permalink=\"https:\/\/aelle-arts.fr\/index.php\/illustrations\/cosmos04-1-oracle\/\" data-orig-file=\"https:\/\/i0.wp.com\/aelle-arts.fr\/wp-content\/uploads\/2025\/02\/Cosmos04-1-Oracle.png?fit=1020%2C1388&amp;ssl=1\" data-orig-size=\"1020,1388\" data-comments-opened=\"0\" data-image-meta=\"{&quot;aperture&quot;:&quot;0&quot;,&quot;credit&quot;:&quot;&quot;,&quot;camera&quot;:&quot;&quot;,&quot;caption&quot;:&quot;&quot;,&quot;created_timestamp&quot;:&quot;0&quot;,&quot;copyright&quot;:&quot;&quot;,&quot;focal_length&quot;:&quot;0&quot;,&quot;iso&quot;:&quot;0&quot;,&quot;shutter_speed&quot;:&quot;0&quot;,&quot;title&quot;:&quot;&quot;,&quot;orientation&quot;:&quot;0&quot;}\" data-image-title=\"Cosmos04-1-Oracle en r\u00eave\" data-image-description=\"&lt;p&gt;Illustration originale en noir et blanc sur papier par A\u00eblle, figurant une femme endormie dont diff\u00e9rents symboles partent de sa t\u00eate dans toutes les directions.&lt;br \/&gt;\nVisuel illustrant l&amp;rsquo;article \u00ab\u00a0La voie du r\u00eave\u00a0\u00bb&lt;\/p&gt;\n\" data-image-caption=\"\" data-medium-file=\"https:\/\/i0.wp.com\/aelle-arts.fr\/wp-content\/uploads\/2025\/02\/Cosmos04-1-Oracle.png?fit=220%2C300&amp;ssl=1\" data-large-file=\"https:\/\/i0.wp.com\/aelle-arts.fr\/wp-content\/uploads\/2025\/02\/Cosmos04-1-Oracle.png?fit=753%2C1024&amp;ssl=1\" src=\"https:\/\/i0.wp.com\/aelle-arts.fr\/wp-content\/uploads\/2025\/02\/Cosmos04-1-Oracle.png?resize=753%2C1024&#038;ssl=1\" alt=\"\" class=\"wp-image-530 size-full\" srcset=\"https:\/\/i0.wp.com\/aelle-arts.fr\/wp-content\/uploads\/2025\/02\/Cosmos04-1-Oracle.png?resize=753%2C1024&amp;ssl=1 753w, https:\/\/i0.wp.com\/aelle-arts.fr\/wp-content\/uploads\/2025\/02\/Cosmos04-1-Oracle.png?resize=220%2C300&amp;ssl=1 220w, https:\/\/i0.wp.com\/aelle-arts.fr\/wp-content\/uploads\/2025\/02\/Cosmos04-1-Oracle.png?resize=768%2C1045&amp;ssl=1 768w, https:\/\/i0.wp.com\/aelle-arts.fr\/wp-content\/uploads\/2025\/02\/Cosmos04-1-Oracle.png?w=1020&amp;ssl=1 1020w\" sizes=\"auto, (max-width: 753px) 100vw, 753px\" \/><\/figure><div class=\"wp-block-media-text__content\">\n<h4 class=\"wp-block-heading\">Petites po\u00e9sies oniriques<\/h4>\n\n\n\n<p>Que mes dessins soient figuratifs et na\u00effs ou plus abstraits, qu&rsquo;ils fassent appel au Neuro Art ou au pointillisme, chacun raconte le chapitre d&rsquo;une histoire, dont tout ou partie est cont\u00e9e au fil des illustrations.<\/p>\n\n\n\n<p><\/p>\n\n\n\n<p>\u0152uvres r\u00e9alis\u00e9es aux pointes fines.<\/p>\n<\/div><\/div>\n\n\n\n<p>Les petits formats (en portrait 10,2cm x 15,2cm ou en paysage 15,2cm x 10,2cm) sont propos\u00e9s \u00e0 20\u20ac l&rsquo;un et \u00e0 30\u20ac avec un cadre.<\/p>\n\n\n\n<div style=\"height:50px\" aria-hidden=\"true\" class=\"wp-block-spacer\"><\/div>\n\n\n\n<h3 class=\"wp-block-heading\">Voir les s\u00e9ries \u00e0 l&rsquo;encre de Chine<\/h3>\n\n\n\n<ul class=\"wp-block-list\">\n<li><a href=\"https:\/\/aelle-arts.fr\/index.php\/les-arbres\/\" data-type=\"link\" data-id=\"https:\/\/aelle-arts.fr\/index.php\/les-arbres\/\">Les arbres<\/a><\/li>\n\n\n\n<li><a href=\"https:\/\/aelle-arts.fr\/index.php\/les-astres\/\" data-type=\"link\" data-id=\"https:\/\/aelle-arts.fr\/index.php\/les-astres\/\">Les astres<\/a><\/li>\n\n\n\n<li><a href=\"https:\/\/aelle-arts.fr\/index.php\/le-cosmos\/\" data-type=\"link\" data-id=\"https:\/\/aelle-arts.fr\/index.php\/le-cosmos\/\">Le cosmos<\/a><\/li>\n\n\n\n<li><a href=\"https:\/\/aelle-arts.fr\/index.php\/les-coeurs\/\" data-type=\"link\" data-id=\"https:\/\/aelle-arts.fr\/index.php\/les-coeurs\/\">Les c\u0153urs<\/a><\/li>\n\n\n\n<li><a href=\"https:\/\/aelle-arts.fr\/index.php\/les-mandalas\/\" data-type=\"link\" data-id=\"https:\/\/aelle-arts.fr\/index.php\/les-mandalas\/\">Les mandalas<\/a><\/li>\n\n\n\n<li><a href=\"https:\/\/aelle-arts.fr\/index.php\/les-fleurs\/\" data-type=\"link\" data-id=\"https:\/\/aelle-arts.fr\/index.php\/les-fleurs\/\">Les fleurs<\/a><\/li>\n\n\n\n<li><a href=\"https:\/\/aelle-arts.fr\/index.php\/les-creatures\/\" data-type=\"link\" data-id=\"https:\/\/aelle-arts.fr\/index.php\/les-creatures\/\">Les cr\u00e9atures<\/a><\/li>\n<\/ul>\n\n\n\n<div style=\"height:100px\" aria-hidden=\"true\" class=\"wp-block-spacer\"><\/div>\n","protected":false},"excerpt":{"rendered":"<p>Noir &amp; Blanc Petites po\u00e9sies oniriques Que mes dessins soient figuratifs et na\u00effs ou plus abstraits, qu&rsquo;ils fassent appel au Neuro Art ou au pointillisme, chacun raconte le chapitre d&rsquo;une [&hellip;]<\/p>\n","protected":false},"author":1,"featured_media":0,"parent":0,"menu_order":0,"comment_status":"closed","ping_status":"closed","template":"","meta":{"_EventAllDay":false,"_EventTimezone":"","_EventStartDate":"","_EventEndDate":"","_EventStartDateUTC":"","_EventEndDateUTC":"","_EventShowMap":false,"_EventShowMapLink":false,"_EventURL":"","_EventCost":"","_EventCostDescription":"","_EventCurrencySymbol":"","_EventCurrencyCode":"","_EventCurrencyPosition":"","_EventDateTimeSeparator":"","_EventTimeRangeSeparator":"","_EventOrganizerID":[],"_EventVenueID":[],"_OrganizerEmail":"","_OrganizerPhone":"","_OrganizerWebsite":"","_VenueAddress":"","_VenueCity":"","_VenueCountry":"","_VenueProvince":"","_VenueState":"","_VenueZip":"","_VenuePhone":"","_VenueURL":"","_VenueStateProvince":"","_VenueLat":"","_VenueLng":"","_VenueShowMap":false,"_VenueShowMapLink":false,"footnotes":""},"folder":[],"class_list":["post-529","page","type-page","status-publish","hentry"],"yoast_head":"<!-- This site is optimized with the Yoast SEO plugin v27.3 - https:\/\/yoast.com\/product\/yoast-seo-wordpress\/ -->\n<title>Illustrations - A\u00eblle Arts<\/title>\n<meta name=\"robots\" content=\"index, follow, max-snippet:-1, max-image-preview:large, max-video-preview:-1\" \/>\n<link rel=\"canonical\" href=\"https:\/\/aelle-arts.fr\/index.php\/illustrations\/\" \/>\n<meta property=\"og:locale\" content=\"fr_FR\" \/>\n<meta property=\"og:type\" content=\"article\" \/>\n<meta property=\"og:title\" content=\"Illustrations - A\u00eblle Arts\" \/>\n<meta property=\"og:description\" content=\"Noir &amp; Blanc Petites po\u00e9sies oniriques Que mes dessins soient figuratifs et na\u00effs ou plus abstraits, qu&rsquo;ils fassent appel au Neuro Art ou au pointillisme, chacun raconte le chapitre d&rsquo;une [&hellip;]\" \/>\n<meta property=\"og:url\" content=\"https:\/\/aelle-arts.fr\/index.php\/illustrations\/\" \/>\n<meta property=\"og:site_name\" content=\"A\u00eblle Arts\" \/>\n<meta property=\"article:publisher\" content=\"https:\/\/www.facebook.com\/aelle.arts\/\" \/>\n<meta property=\"article:modified_time\" content=\"2025-06-14T16:26:44+00:00\" \/>\n<meta property=\"og:image\" content=\"https:\/\/aelle-arts.fr\/wp-content\/uploads\/2025\/02\/Cosmos04-1-Oracle-753x1024.png\" \/>\n<meta name=\"twitter:label1\" content=\"Dur\u00e9e de lecture estim\u00e9e\" \/>\n\t<meta name=\"twitter:data1\" content=\"1 minute\" \/>\n<script type=\"application\/ld+json\" class=\"yoast-schema-graph\">{\"@context\":\"https:\\\/\\\/schema.org\",\"@graph\":[{\"@type\":\"WebPage\",\"@id\":\"https:\\\/\\\/aelle-arts.fr\\\/index.php\\\/illustrations\\\/\",\"url\":\"https:\\\/\\\/aelle-arts.fr\\\/index.php\\\/illustrations\\\/\",\"name\":\"Illustrations - A\u00eblle Arts\",\"isPartOf\":{\"@id\":\"https:\\\/\\\/aelle-arts.fr\\\/#website\"},\"primaryImageOfPage\":{\"@id\":\"https:\\\/\\\/aelle-arts.fr\\\/index.php\\\/illustrations\\\/#primaryimage\"},\"image\":{\"@id\":\"https:\\\/\\\/aelle-arts.fr\\\/index.php\\\/illustrations\\\/#primaryimage\"},\"thumbnailUrl\":\"https:\\\/\\\/aelle-arts.fr\\\/wp-content\\\/uploads\\\/2025\\\/02\\\/Cosmos04-1-Oracle-753x1024.png\",\"datePublished\":\"2025-02-25T19:05:49+00:00\",\"dateModified\":\"2025-06-14T16:26:44+00:00\",\"breadcrumb\":{\"@id\":\"https:\\\/\\\/aelle-arts.fr\\\/index.php\\\/illustrations\\\/#breadcrumb\"},\"inLanguage\":\"fr-FR\",\"potentialAction\":[{\"@type\":\"ReadAction\",\"target\":[\"https:\\\/\\\/aelle-arts.fr\\\/index.php\\\/illustrations\\\/\"]}]},{\"@type\":\"ImageObject\",\"inLanguage\":\"fr-FR\",\"@id\":\"https:\\\/\\\/aelle-arts.fr\\\/index.php\\\/illustrations\\\/#primaryimage\",\"url\":\"https:\\\/\\\/i0.wp.com\\\/aelle-arts.fr\\\/wp-content\\\/uploads\\\/2025\\\/02\\\/Cosmos04-1-Oracle.png?fit=1020%2C1388&ssl=1\",\"contentUrl\":\"https:\\\/\\\/i0.wp.com\\\/aelle-arts.fr\\\/wp-content\\\/uploads\\\/2025\\\/02\\\/Cosmos04-1-Oracle.png?fit=1020%2C1388&ssl=1\",\"width\":1020,\"height\":1388,\"caption\":\"Illustration originale en noir et blanc sur papier par A\u00eblle, figurant une femme endormie dont diff\u00e9rents symboles partent de sa t\u00eate dans toutes les directions. Visuel illustrant l'article \\\"La voie du r\u00eave\\\"\"},{\"@type\":\"BreadcrumbList\",\"@id\":\"https:\\\/\\\/aelle-arts.fr\\\/index.php\\\/illustrations\\\/#breadcrumb\",\"itemListElement\":[{\"@type\":\"ListItem\",\"position\":1,\"name\":\"Accueil\",\"item\":\"https:\\\/\\\/aelle-arts.fr\\\/\"},{\"@type\":\"ListItem\",\"position\":2,\"name\":\"Illustrations\"}]},{\"@type\":\"WebSite\",\"@id\":\"https:\\\/\\\/aelle-arts.fr\\\/#website\",\"url\":\"https:\\\/\\\/aelle-arts.fr\\\/\",\"name\":\"A\u00eblle Arts\",\"description\":\"G\u00e9om\u00e9trie sacr\u00e9e, Yantras &amp; Illustrations\",\"publisher\":{\"@id\":\"https:\\\/\\\/aelle-arts.fr\\\/#organization\"},\"potentialAction\":[{\"@type\":\"SearchAction\",\"target\":{\"@type\":\"EntryPoint\",\"urlTemplate\":\"https:\\\/\\\/aelle-arts.fr\\\/?s={search_term_string}\"},\"query-input\":{\"@type\":\"PropertyValueSpecification\",\"valueRequired\":true,\"valueName\":\"search_term_string\"}}],\"inLanguage\":\"fr-FR\"},{\"@type\":\"Organization\",\"@id\":\"https:\\\/\\\/aelle-arts.fr\\\/#organization\",\"name\":\"A\u00eblle Arts\",\"url\":\"https:\\\/\\\/aelle-arts.fr\\\/\",\"logo\":{\"@type\":\"ImageObject\",\"inLanguage\":\"fr-FR\",\"@id\":\"https:\\\/\\\/aelle-arts.fr\\\/#\\\/schema\\\/logo\\\/image\\\/\",\"url\":\"https:\\\/\\\/i0.wp.com\\\/aelle-arts.fr\\\/wp-content\\\/uploads\\\/2024\\\/02\\\/Logo01.png?fit=1500%2C1543&ssl=1\",\"contentUrl\":\"https:\\\/\\\/i0.wp.com\\\/aelle-arts.fr\\\/wp-content\\\/uploads\\\/2024\\\/02\\\/Logo01.png?fit=1500%2C1543&ssl=1\",\"width\":1500,\"height\":1543,\"caption\":\"A\u00eblle Arts\"},\"image\":{\"@id\":\"https:\\\/\\\/aelle-arts.fr\\\/#\\\/schema\\\/logo\\\/image\\\/\"},\"sameAs\":[\"https:\\\/\\\/www.facebook.com\\\/aelle.arts\\\/\",\"https:\\\/\\\/www.instagram.com\\\/aelle_arts\\\/\"]}]}<\/script>\n<!-- \/ Yoast SEO plugin. -->","yoast_head_json":{"title":"Illustrations - A\u00eblle Arts","robots":{"index":"index","follow":"follow","max-snippet":"max-snippet:-1","max-image-preview":"max-image-preview:large","max-video-preview":"max-video-preview:-1"},"canonical":"https:\/\/aelle-arts.fr\/index.php\/illustrations\/","og_locale":"fr_FR","og_type":"article","og_title":"Illustrations - A\u00eblle Arts","og_description":"Noir &amp; Blanc Petites po\u00e9sies oniriques Que mes dessins soient figuratifs et na\u00effs ou plus abstraits, qu&rsquo;ils fassent appel au Neuro Art ou au pointillisme, chacun raconte le chapitre d&rsquo;une [&hellip;]","og_url":"https:\/\/aelle-arts.fr\/index.php\/illustrations\/","og_site_name":"A\u00eblle Arts","article_publisher":"https:\/\/www.facebook.com\/aelle.arts\/","article_modified_time":"2025-06-14T16:26:44+00:00","og_image":[{"url":"https:\/\/aelle-arts.fr\/wp-content\/uploads\/2025\/02\/Cosmos04-1-Oracle-753x1024.png","type":"","width":"","height":""}],"twitter_misc":{"Dur\u00e9e de lecture estim\u00e9e":"1 minute"},"schema":{"@context":"https:\/\/schema.org","@graph":[{"@type":"WebPage","@id":"https:\/\/aelle-arts.fr\/index.php\/illustrations\/","url":"https:\/\/aelle-arts.fr\/index.php\/illustrations\/","name":"Illustrations - A\u00eblle Arts","isPartOf":{"@id":"https:\/\/aelle-arts.fr\/#website"},"primaryImageOfPage":{"@id":"https:\/\/aelle-arts.fr\/index.php\/illustrations\/#primaryimage"},"image":{"@id":"https:\/\/aelle-arts.fr\/index.php\/illustrations\/#primaryimage"},"thumbnailUrl":"https:\/\/aelle-arts.fr\/wp-content\/uploads\/2025\/02\/Cosmos04-1-Oracle-753x1024.png","datePublished":"2025-02-25T19:05:49+00:00","dateModified":"2025-06-14T16:26:44+00:00","breadcrumb":{"@id":"https:\/\/aelle-arts.fr\/index.php\/illustrations\/#breadcrumb"},"inLanguage":"fr-FR","potentialAction":[{"@type":"ReadAction","target":["https:\/\/aelle-arts.fr\/index.php\/illustrations\/"]}]},{"@type":"ImageObject","inLanguage":"fr-FR","@id":"https:\/\/aelle-arts.fr\/index.php\/illustrations\/#primaryimage","url":"https:\/\/i0.wp.com\/aelle-arts.fr\/wp-content\/uploads\/2025\/02\/Cosmos04-1-Oracle.png?fit=1020%2C1388&ssl=1","contentUrl":"https:\/\/i0.wp.com\/aelle-arts.fr\/wp-content\/uploads\/2025\/02\/Cosmos04-1-Oracle.png?fit=1020%2C1388&ssl=1","width":1020,"height":1388,"caption":"Illustration originale en noir et blanc sur papier par A\u00eblle, figurant une femme endormie dont diff\u00e9rents symboles partent de sa t\u00eate dans toutes les directions. Visuel illustrant l'article \"La voie du r\u00eave\""},{"@type":"BreadcrumbList","@id":"https:\/\/aelle-arts.fr\/index.php\/illustrations\/#breadcrumb","itemListElement":[{"@type":"ListItem","position":1,"name":"Accueil","item":"https:\/\/aelle-arts.fr\/"},{"@type":"ListItem","position":2,"name":"Illustrations"}]},{"@type":"WebSite","@id":"https:\/\/aelle-arts.fr\/#website","url":"https:\/\/aelle-arts.fr\/","name":"A\u00eblle Arts","description":"G\u00e9om\u00e9trie sacr\u00e9e, Yantras &amp; Illustrations","publisher":{"@id":"https:\/\/aelle-arts.fr\/#organization"},"potentialAction":[{"@type":"SearchAction","target":{"@type":"EntryPoint","urlTemplate":"https:\/\/aelle-arts.fr\/?s={search_term_string}"},"query-input":{"@type":"PropertyValueSpecification","valueRequired":true,"valueName":"search_term_string"}}],"inLanguage":"fr-FR"},{"@type":"Organization","@id":"https:\/\/aelle-arts.fr\/#organization","name":"A\u00eblle Arts","url":"https:\/\/aelle-arts.fr\/","logo":{"@type":"ImageObject","inLanguage":"fr-FR","@id":"https:\/\/aelle-arts.fr\/#\/schema\/logo\/image\/","url":"https:\/\/i0.wp.com\/aelle-arts.fr\/wp-content\/uploads\/2024\/02\/Logo01.png?fit=1500%2C1543&ssl=1","contentUrl":"https:\/\/i0.wp.com\/aelle-arts.fr\/wp-content\/uploads\/2024\/02\/Logo01.png?fit=1500%2C1543&ssl=1","width":1500,"height":1543,"caption":"A\u00eblle Arts"},"image":{"@id":"https:\/\/aelle-arts.fr\/#\/schema\/logo\/image\/"},"sameAs":["https:\/\/www.facebook.com\/aelle.arts\/","https:\/\/www.instagram.com\/aelle_arts\/"]}]}},"jetpack_shortlink":"https:\/\/wp.me\/PfxdgV-8x","jetpack_sharing_enabled":true,"_links":{"self":[{"href":"https:\/\/aelle-arts.fr\/index.php\/wp-json\/wp\/v2\/pages\/529","targetHints":{"allow":["GET"]}}],"collection":[{"href":"https:\/\/aelle-arts.fr\/index.php\/wp-json\/wp\/v2\/pages"}],"about":[{"href":"https:\/\/aelle-arts.fr\/index.php\/wp-json\/wp\/v2\/types\/page"}],"author":[{"embeddable":true,"href":"https:\/\/aelle-arts.fr\/index.php\/wp-json\/wp\/v2\/users\/1"}],"replies":[{"embeddable":true,"href":"https:\/\/aelle-arts.fr\/index.php\/wp-json\/wp\/v2\/comments?post=529"}],"version-history":[{"count":13,"href":"https:\/\/aelle-arts.fr\/index.php\/wp-json\/wp\/v2\/pages\/529\/revisions"}],"predecessor-version":[{"id":822,"href":"https:\/\/aelle-arts.fr\/index.php\/wp-json\/wp\/v2\/pages\/529\/revisions\/822"}],"wp:attachment":[{"href":"https:\/\/aelle-arts.fr\/index.php\/wp-json\/wp\/v2\/media?parent=529"}],"wp:term":[{"taxonomy":"folder","embeddable":true,"href":"https:\/\/aelle-arts.fr\/index.php\/wp-json\/wp\/v2\/folder?post=529"}],"curies":[{"name":"wp","href":"https:\/\/api.w.org\/{rel}","templated":true}]}}